{"id":788,"date":"2024-05-18T13:59:54","date_gmt":"2024-05-18T11:59:54","guid":{"rendered":"https:\/\/schlachthoffestival-traunsee.at\/?page_id=788"},"modified":"2024-05-23T17:05:52","modified_gmt":"2024-05-23T15:05:52","slug":"788-2","status":"publish","type":"page","link":"https:\/\/schlachthoffestival-traunsee.at\/?page_id=788","title":{"rendered":""},"content":{"rendered":"\n<div data-aos= \"fade-down\" data-aos-duration=\"400\" data-aos-delay=\"0\" data-aos-easing=\"ease\" data-aos-once=\"true\" class=\"wp-block-uagb-advanced-heading uagb-block-5068f40d\"><h1 class=\"uagb-heading-text\">Workshop &#8211; &#8222;<strong>Rest Is Resistance<\/strong>&#8222;<\/h1><\/div>\n\n\n\n<div class=\"wp-block-group alignfull is-layout-flow wp-container-core-group-is-layout-2 wp-block-group-is-layout-flow\" id=\"cover\" style=\"margin-top:0px;margin-bottom:0px\">\n<div class=\"wp-block-media-text alignfull is-stacked-on-mobile has-black-background-color has-background\"><figure class=\"wp-block-media-text__media\"><img fetchpriority=\"high\" decoding=\"async\" width=\"1024\" height=\"977\" src=\"https:\/\/schlachthoffestival-traunsee.at\/wp-content\/uploads\/2024\/05\/Rest-is-Resistance_Hollwegerr-1024x977.jpeg\" alt=\"\" class=\"wp-image-792 size-full\" srcset=\"https:\/\/schlachthoffestival-traunsee.at\/wp-content\/uploads\/2024\/05\/Rest-is-Resistance_Hollwegerr-1024x977.jpeg 1024w, https:\/\/schlachthoffestival-traunsee.at\/wp-content\/uploads\/2024\/05\/Rest-is-Resistance_Hollwegerr-300x286.jpeg 300w, https:\/\/schlachthoffestival-traunsee.at\/wp-content\/uploads\/2024\/05\/Rest-is-Resistance_Hollwegerr-2000x1908.jpeg 2000w\" sizes=\"(max-width: 1024px) 100vw, 1024px\" \/><\/figure><div class=\"wp-block-media-text__content\">\n<div class=\"wp-block-group has-global-padding is-layout-constrained wp-container-core-group-is-layout-1 wp-block-group-is-layout-constrained\">\n<div style=\"height:46px\" aria-hidden=\"true\" class=\"wp-block-spacer\"><\/div>\n\n\n\n<h2 class=\"wp-block-heading has-white-color has-text-color has-large-font-size\">&#8222;Rest Is Resistance&#8220;<\/h2>\n\n\n\n<p><mark style=\"background-color:rgba(0, 0, 0, 0)\" class=\"has-inline-color has-white-color\"><strong>Sarah Hollweger<\/strong><\/mark><\/p>\n\n\n\n<p class=\"has-white-color has-text-color has-background has-link-color wp-elements-16c395dfb3a6f9124b965d621548602f\" style=\"background:linear-gradient(135deg,rgba(247,247,74,0.28) 0%,rgba(155,81,224,0.45) 100%)\"><strong><mark style=\"background-color:rgba(0, 0, 0, 0)\" class=\"has-inline-color has-white-color\">Wann: Workshop am 2. Juni<br>Wie lange: ab <mark style=\"background-color:rgba(0, 0, 0, 0)\" class=\"has-inline-color has-white-color\">14 U<\/mark>hr ca.  1 \u00bd h \u2013 2 h<\/mark><br><mark style=\"background-color:rgba(0, 0, 0, 0)\" class=\"has-inline-color has-white-color\">Teilnehmer**innenzahl: 15 &#8211; 20 Personen<\/mark><br><mark style=\"background-color:rgba(0, 0, 0, 0)\" class=\"has-inline-color has-white-color\">Anmeldung per Mail an <a href=\"mailto:schlachthoffestival.traunsee@gmail.com\">schlachthoffestival.traunsee@gmail.com<\/a> oder am Festival vor Ort.<\/mark><\/strong><\/p>\n\n\n\n<p class=\"has-small-font-size\"><mark style=\"background-color:rgba(0, 0, 0, 0)\" class=\"has-inline-color has-white-color\">Nach einem Warm-Up (Namensspiele, Ankommen und Erkundung des Raumes) m\u00f6chte ich mit einer Improvisations\u00fcbung mit Objekten starten. Bei \u201eIslands of Rest\u201c<\/mark> <mark style=\"background-color:rgba(0, 0, 0, 0)\" class=\"has-inline-color has-white-color\">kreieren die Teilnehmer:innen aus Materialien1 im Raum ihren eigenen Platz, an dem sie zur Ruhe kommen k\u00f6nnen. Nachdem alle ihre pers\u00f6nliche Insel errichtet<\/mark> <mark style=\"background-color:rgba(0, 0, 0, 0)\" class=\"has-inline-color has-white-color\">haben, versuchen wir diese st\u00fcckweise zu einer zusammenh\u00e4ngenden zu verwandeln. Am Ende hat jede:r einen pers\u00f6nlichen kreierten Platz der Ruhe, aber ist trotzdem Teil eines gro\u00dfen Ganzen. Au\u00dferdem wurde der Raum transformiert: von einem Ort der Arbeit in einen Ort des Rastens. <\/mark><br><br><mark style=\"background-color:rgba(0, 0, 0, 0)\" class=\"has-inline-color has-white-color\">Der n\u00e4chste Abschnitt des Workshops fokussiert sich auf die Praktiken des Rastens. Die Teilnehmer:innen sollen ausgehend von Fragen (Was machst du, wenn du rastest? Was f\u00fcr eine Praxis erholt dich?) ihre Strategien aufschreiben. Die gesammelten<\/mark> <mark style=\"background-color:rgba(0, 0, 0, 0)\" class=\"has-inline-color has-white-color\">Praktiken werden dann individuell ausprobiert. War die Praktik f\u00fcr dich erholend? Wie<\/mark> <mark style=\"background-color:rgba(0, 0, 0, 0)\" class=\"has-inline-color has-white-color\">w\u00fcrdest du sie an deine Bed\u00fcrfnisse anpassen? Was sind deine Bed\u00fcrfnisse? Wovon<br>brauchst du eigentlich Pause? Nach dem individuellen Ausprobieren folgt ein Austauschen und Teilen von Beobachtungen und adaptierten Praktiken in Kleingruppen. <\/mark><br><br><mark style=\"background-color:rgba(0, 0, 0, 0)\" class=\"has-inline-color has-white-color\">Schlussendlich m\u00f6chte ich in ein kollektives Rasten kommen. Finden wir eine gemeinsame Praktik des Rastens? Was sind die Bed\u00fcrfnisse der Gruppe? Das<\/mark> <mark style=\"background-color:rgba(0, 0, 0, 0)\" class=\"has-inline-color has-white-color\">Erholen soll Zeit und Raum bieten, um zu reflektieren (Warum sind wir so ersch\u00f6pft? Warum f\u00fchlen wir uns manchmal schlecht, wenn wir eine Pause machen?), und zu imaginieren, wie k\u00f6nnte eine Welt aussehen, in der es normal ist, erholt zu sein.<\/mark><\/p>\n\n\n\n<div class=\"wp-block-columns is-layout-flex wp-container-core-columns-is-layout-1 wp-block-columns-is-layout-flex\">\n<div class=\"wp-block-column is-layout-flow wp-block-column-is-layout-flow\"><\/div>\n<\/div>\n<\/div>\n<\/div><\/div>\n<\/div>\n\n\n\n<div class=\"wp-block-columns is-layout-flex wp-container-core-columns-is-layout-2 wp-block-columns-is-layout-flex\">\n<div class=\"wp-block-column is-layout-flow wp-block-column-is-layout-flow\"><\/div>\n\n\n\n<div class=\"wp-block-column is-layout-flow wp-block-column-is-layout-flow\"><\/div>\n<\/div>\n","protected":false},"excerpt":{"rendered":"<p>Workshop &#8211; &#8222;Rest Is Resistance&#8222; &#8222;Rest Is Resistance&#8220; Sarah Hollweger Wann: Workshop am 2. JuniWie lange: ab 14 Uhr ca. 1 \u00bd h \u2013 2 hTeilnehmer**innenzahl: 15 &#8211; 20 PersonenAnmeldung per Mail an schlachthoffestival.traunsee@gmail.com oder am Festival vor Ort. Nach einem Warm-Up (Namensspiele, Ankommen und Erkundung des Raumes) m\u00f6chte ich mit einer Improvisations\u00fcbung mit Objekten &hellip; <\/p>\n<p class=\"link-more\"><a href=\"https:\/\/schlachthoffestival-traunsee.at\/?page_id=788\" class=\"more-link\">Mehr <span class=\"screen-reader-text\">\u00fcber &#8222;&#8220; <\/span>Lesen<\/a><\/p>\n","protected":false},"author":1,"featured_media":0,"parent":0,"menu_order":0,"comment_status":"closed","ping_status":"closed","template":"","meta":{"_uag_custom_page_level_css":"","footnotes":""},"yoast_head":"<!-- This site is optimized with the Yoast SEO plugin v24.5 - https:\/\/yoast.com\/wordpress\/plugins\/seo\/ -->\n<title>- Schlachthoffestival Traunsee<\/title>\n<meta name=\"robots\" content=\"index, follow, max-snippet:-1, max-image-preview:large, max-video-preview:-1\" \/>\n<link rel=\"canonical\" href=\"https:\/\/schlachthoffestival-traunsee.at\/?page_id=788\" \/>\n<meta property=\"og:locale\" content=\"de_DE\" \/>\n<meta property=\"og:type\" content=\"article\" \/>\n<meta property=\"og:title\" content=\"- Schlachthoffestival Traunsee\" \/>\n<meta property=\"og:description\" content=\"Workshop &#8211; &#8222;Rest Is Resistance&#8222; &#8222;Rest Is Resistance&#8220; Sarah Hollweger Wann: Workshop am 2. JuniWie lange: ab 14 Uhr ca. 1 \u00bd h \u2013 2 hTeilnehmer**innenzahl: 15 &#8211; 20 PersonenAnmeldung per Mail an schlachthoffestival.traunsee@gmail.com oder am Festival vor Ort. Nach einem Warm-Up (Namensspiele, Ankommen und Erkundung des Raumes) m\u00f6chte ich mit einer Improvisations\u00fcbung mit Objekten &hellip; Mehr \u00fcber &quot;&quot; Lesen\" \/>\n<meta property=\"og:url\" content=\"https:\/\/schlachthoffestival-traunsee.at\/?page_id=788\" \/>\n<meta property=\"og:site_name\" content=\"Schlachthoffestival Traunsee\" \/>\n<meta property=\"article:modified_time\" content=\"2024-05-23T15:05:52+00:00\" \/>\n<meta property=\"og:image\" content=\"https:\/\/schlachthoffestival-traunsee.at\/wp-content\/uploads\/2024\/05\/Rest-is-Resistance_Hollwegerr-1024x977.jpeg\" \/>\n<meta name=\"twitter:card\" content=\"summary_large_image\" \/>\n<meta name=\"twitter:label1\" content=\"Gesch\u00e4tzte Lesezeit\" \/>\n\t<meta name=\"twitter:data1\" content=\"2\u00a0Minuten\" \/>\n<script type=\"application\/ld+json\" class=\"yoast-schema-graph\">{\"@context\":\"https:\/\/schema.org\",\"@graph\":[{\"@type\":\"WebPage\",\"@id\":\"https:\/\/schlachthoffestival-traunsee.at\/?page_id=788\",\"url\":\"https:\/\/schlachthoffestival-traunsee.at\/?page_id=788\",\"name\":\"- Schlachthoffestival Traunsee\",\"isPartOf\":{\"@id\":\"https:\/\/schlachthoffestival-traunsee.at\/#website\"},\"primaryImageOfPage\":{\"@id\":\"https:\/\/schlachthoffestival-traunsee.at\/?page_id=788#primaryimage\"},\"image\":{\"@id\":\"https:\/\/schlachthoffestival-traunsee.at\/?page_id=788#primaryimage\"},\"thumbnailUrl\":\"https:\/\/schlachthoffestival-traunsee.at\/wp-content\/uploads\/2024\/05\/Rest-is-Resistance_Hollwegerr-1024x977.jpeg\",\"datePublished\":\"2024-05-18T11:59:54+00:00\",\"dateModified\":\"2024-05-23T15:05:52+00:00\",\"inLanguage\":\"de\",\"potentialAction\":[{\"@type\":\"ReadAction\",\"target\":[\"https:\/\/schlachthoffestival-traunsee.at\/?page_id=788\"]}]},{\"@type\":\"ImageObject\",\"inLanguage\":\"de\",\"@id\":\"https:\/\/schlachthoffestival-traunsee.at\/?page_id=788#primaryimage\",\"url\":\"https:\/\/schlachthoffestival-traunsee.at\/wp-content\/uploads\/2024\/05\/Rest-is-Resistance_Hollwegerr-scaled.jpeg\",\"contentUrl\":\"https:\/\/schlachthoffestival-traunsee.at\/wp-content\/uploads\/2024\/05\/Rest-is-Resistance_Hollwegerr-scaled.jpeg\",\"width\":2560,\"height\":2442},{\"@type\":\"WebSite\",\"@id\":\"https:\/\/schlachthoffestival-traunsee.at\/#website\",\"url\":\"https:\/\/schlachthoffestival-traunsee.at\/\",\"name\":\"Schlachthoffestival Traunsee\",\"description\":\"\",\"publisher\":{\"@id\":\"https:\/\/schlachthoffestival-traunsee.at\/#organization\"},\"potentialAction\":[{\"@type\":\"SearchAction\",\"target\":{\"@type\":\"EntryPoint\",\"urlTemplate\":\"https:\/\/schlachthoffestival-traunsee.at\/?s={search_term_string}\"},\"query-input\":{\"@type\":\"PropertyValueSpecification\",\"valueRequired\":true,\"valueName\":\"search_term_string\"}}],\"inLanguage\":\"de\"},{\"@type\":\"Organization\",\"@id\":\"https:\/\/schlachthoffestival-traunsee.at\/#organization\",\"name\":\"Schlachthoffestival Traunsee\",\"url\":\"https:\/\/schlachthoffestival-traunsee.at\/\",\"logo\":{\"@type\":\"ImageObject\",\"inLanguage\":\"de\",\"@id\":\"https:\/\/schlachthoffestival-traunsee.at\/#\/schema\/logo\/image\/\",\"url\":\"https:\/\/schlachthoffestival-traunsee.at\/wp-content\/uploads\/2026\/04\/cropped-cropped-WhatsApp-Image-2026-03-31-at-19.49.321-1.jpeg\",\"contentUrl\":\"https:\/\/schlachthoffestival-traunsee.at\/wp-content\/uploads\/2026\/04\/cropped-cropped-WhatsApp-Image-2026-03-31-at-19.49.321-1.jpeg\",\"width\":512,\"height\":512,\"caption\":\"Schlachthoffestival Traunsee\"},\"image\":{\"@id\":\"https:\/\/schlachthoffestival-traunsee.at\/#\/schema\/logo\/image\/\"}}]}<\/script>\n<!-- \/ Yoast SEO plugin. -->","yoast_head_json":{"title":"- Schlachthoffestival Traunsee","robots":{"index":"index","follow":"follow","max-snippet":"max-snippet:-1","max-image-preview":"max-image-preview:large","max-video-preview":"max-video-preview:-1"},"canonical":"https:\/\/schlachthoffestival-traunsee.at\/?page_id=788","og_locale":"de_DE","og_type":"article","og_title":"- Schlachthoffestival Traunsee","og_description":"Workshop &#8211; &#8222;Rest Is Resistance&#8222; &#8222;Rest Is Resistance&#8220; Sarah Hollweger Wann: Workshop am 2. JuniWie lange: ab 14 Uhr ca. 1 \u00bd h \u2013 2 hTeilnehmer**innenzahl: 15 &#8211; 20 PersonenAnmeldung per Mail an schlachthoffestival.traunsee@gmail.com oder am Festival vor Ort. Nach einem Warm-Up (Namensspiele, Ankommen und Erkundung des Raumes) m\u00f6chte ich mit einer Improvisations\u00fcbung mit Objekten &hellip; Mehr \u00fcber \"\" Lesen","og_url":"https:\/\/schlachthoffestival-traunsee.at\/?page_id=788","og_site_name":"Schlachthoffestival Traunsee","article_modified_time":"2024-05-23T15:05:52+00:00","og_image":[{"url":"https:\/\/schlachthoffestival-traunsee.at\/wp-content\/uploads\/2024\/05\/Rest-is-Resistance_Hollwegerr-1024x977.jpeg","type":"","width":"","height":""}],"twitter_card":"summary_large_image","twitter_misc":{"Gesch\u00e4tzte Lesezeit":"2\u00a0Minuten"},"schema":{"@context":"https:\/\/schema.org","@graph":[{"@type":"WebPage","@id":"https:\/\/schlachthoffestival-traunsee.at\/?page_id=788","url":"https:\/\/schlachthoffestival-traunsee.at\/?page_id=788","name":"- Schlachthoffestival Traunsee","isPartOf":{"@id":"https:\/\/schlachthoffestival-traunsee.at\/#website"},"primaryImageOfPage":{"@id":"https:\/\/schlachthoffestival-traunsee.at\/?page_id=788#primaryimage"},"image":{"@id":"https:\/\/schlachthoffestival-traunsee.at\/?page_id=788#primaryimage"},"thumbnailUrl":"https:\/\/schlachthoffestival-traunsee.at\/wp-content\/uploads\/2024\/05\/Rest-is-Resistance_Hollwegerr-1024x977.jpeg","datePublished":"2024-05-18T11:59:54+00:00","dateModified":"2024-05-23T15:05:52+00:00","inLanguage":"de","potentialAction":[{"@type":"ReadAction","target":["https:\/\/schlachthoffestival-traunsee.at\/?page_id=788"]}]},{"@type":"ImageObject","inLanguage":"de","@id":"https:\/\/schlachthoffestival-traunsee.at\/?page_id=788#primaryimage","url":"https:\/\/schlachthoffestival-traunsee.at\/wp-content\/uploads\/2024\/05\/Rest-is-Resistance_Hollwegerr-scaled.jpeg","contentUrl":"https:\/\/schlachthoffestival-traunsee.at\/wp-content\/uploads\/2024\/05\/Rest-is-Resistance_Hollwegerr-scaled.jpeg","width":2560,"height":2442},{"@type":"WebSite","@id":"https:\/\/schlachthoffestival-traunsee.at\/#website","url":"https:\/\/schlachthoffestival-traunsee.at\/","name":"Schlachthoffestival Traunsee","description":"","publisher":{"@id":"https:\/\/schlachthoffestival-traunsee.at\/#organization"},"potentialAction":[{"@type":"SearchAction","target":{"@type":"EntryPoint","urlTemplate":"https:\/\/schlachthoffestival-traunsee.at\/?s={search_term_string}"},"query-input":{"@type":"PropertyValueSpecification","valueRequired":true,"valueName":"search_term_string"}}],"inLanguage":"de"},{"@type":"Organization","@id":"https:\/\/schlachthoffestival-traunsee.at\/#organization","name":"Schlachthoffestival Traunsee","url":"https:\/\/schlachthoffestival-traunsee.at\/","logo":{"@type":"ImageObject","inLanguage":"de","@id":"https:\/\/schlachthoffestival-traunsee.at\/#\/schema\/logo\/image\/","url":"https:\/\/schlachthoffestival-traunsee.at\/wp-content\/uploads\/2026\/04\/cropped-cropped-WhatsApp-Image-2026-03-31-at-19.49.321-1.jpeg","contentUrl":"https:\/\/schlachthoffestival-traunsee.at\/wp-content\/uploads\/2026\/04\/cropped-cropped-WhatsApp-Image-2026-03-31-at-19.49.321-1.jpeg","width":512,"height":512,"caption":"Schlachthoffestival Traunsee"},"image":{"@id":"https:\/\/schlachthoffestival-traunsee.at\/#\/schema\/logo\/image\/"}}]}},"uagb_featured_image_src":{"full":false,"thumbnail":false,"medium":false,"medium_large":false,"large":false,"1536x1536":false,"2048x2048":false,"inspiro-featured-image":false,"inspiro-loop":false,"inspiro-loop@2x":false,"portfolio_item-thumbnail":false,"portfolio_item-thumbnail@2x":false,"portfolio_item-masonry":false,"portfolio_item-masonry@2x":false,"portfolio_item-thumbnail_cinema":false,"portfolio_item-thumbnail_portrait":false,"portfolio_item-thumbnail_portrait@2x":false,"portfolio_item-thumbnail_square":false},"uagb_author_info":{"display_name":"schlachthoffestival.traunsee","author_link":"https:\/\/schlachthoffestival-traunsee.at\/?author=1"},"uagb_comment_info":0,"uagb_excerpt":"Workshop &#8211; &#8222;Rest Is Resistance&#8222; &#8222;Rest Is Resistance&#8220; Sarah Hollweger Wann: Workshop am 2. JuniWie lange: ab 14 Uhr ca. 1 \u00bd h \u2013 2 hTeilnehmer**innenzahl: 15 &#8211; 20 PersonenAnmeldung per Mail an schlachthoffestival.traunsee@gmail.com oder am Festival vor Ort. Nach einem Warm-Up (Namensspiele, Ankommen und Erkundung des Raumes) m\u00f6chte ich mit einer Improvisations\u00fcbung mit Objekten&hellip;","featured_media_urls":[],"_links":{"self":[{"href":"https:\/\/schlachthoffestival-traunsee.at\/index.php?rest_route=\/wp\/v2\/pages\/788"}],"collection":[{"href":"https:\/\/schlachthoffestival-traunsee.at\/index.php?rest_route=\/wp\/v2\/pages"}],"about":[{"href":"https:\/\/schlachthoffestival-traunsee.at\/index.php?rest_route=\/wp\/v2\/types\/page"}],"author":[{"embeddable":true,"href":"https:\/\/schlachthoffestival-traunsee.at\/index.php?rest_route=\/wp\/v2\/users\/1"}],"replies":[{"embeddable":true,"href":"https:\/\/schlachthoffestival-traunsee.at\/index.php?rest_route=%2Fwp%2Fv2%2Fcomments&post=788"}],"version-history":[{"count":23,"href":"https:\/\/schlachthoffestival-traunsee.at\/index.php?rest_route=\/wp\/v2\/pages\/788\/revisions"}],"predecessor-version":[{"id":1146,"href":"https:\/\/schlachthoffestival-traunsee.at\/index.php?rest_route=\/wp\/v2\/pages\/788\/revisions\/1146"}],"wp:attachment":[{"href":"https:\/\/schlachthoffestival-traunsee.at\/index.php?rest_route=%2Fwp%2Fv2%2Fmedia&parent=788"}],"curies":[{"name":"wp","href":"https:\/\/api.w.org\/{rel}","templated":true}]}}