{"id":774,"date":"2024-05-18T13:41:08","date_gmt":"2024-05-18T11:41:08","guid":{"rendered":"https:\/\/schlachthoffestival-traunsee.at\/?page_id=774"},"modified":"2024-05-23T17:07:47","modified_gmt":"2024-05-23T15:07:47","slug":"774-2","status":"publish","type":"page","link":"https:\/\/schlachthoffestival-traunsee.at\/?page_id=774","title":{"rendered":""},"content":{"rendered":"\n<div class=\"wp-block-uagb-container uagb-block-4a2cb2c0 alignfull uagb-is-root-container\"><div class=\"uagb-container-inner-blocks-wrap\">\n<div data-aos= \"fade-down\" data-aos-duration=\"400\" data-aos-delay=\"0\" data-aos-easing=\"ease\" data-aos-once=\"true\" class=\"wp-block-uagb-advanced-heading uagb-block-5068f40d\"><h1 class=\"uagb-heading-text\">Workshop &#8211; <strong>DIY Electronic<\/strong><\/h1><\/div>\n<\/div><\/div>\n\n\n\n<div class=\"wp-block-group alignfull is-layout-flow wp-container-core-group-is-layout-2 wp-block-group-is-layout-flow\" id=\"cover\" style=\"margin-top:0px;margin-bottom:0px\">\n<div class=\"wp-block-media-text alignfull is-stacked-on-mobile has-black-background-color has-background\"><figure class=\"wp-block-media-text__media\"><img fetchpriority=\"high\" decoding=\"async\" width=\"600\" height=\"800\" src=\"https:\/\/schlachthoffestival-traunsee.at\/wp-content\/uploads\/2024\/05\/MiniPatch1.1.jpg\" alt=\"\" class=\"wp-image-775 size-full\" srcset=\"https:\/\/schlachthoffestival-traunsee.at\/wp-content\/uploads\/2024\/05\/MiniPatch1.1.jpg 600w, https:\/\/schlachthoffestival-traunsee.at\/wp-content\/uploads\/2024\/05\/MiniPatch1.1-225x300.jpg 225w\" sizes=\"(max-width: 600px) 100vw, 600px\" \/><\/figure><div class=\"wp-block-media-text__content\">\n<div class=\"wp-block-group has-global-padding is-layout-constrained wp-container-core-group-is-layout-1 wp-block-group-is-layout-constrained\">\n<div style=\"height:31px\" aria-hidden=\"true\" class=\"wp-block-spacer\"><\/div>\n\n\n\n<h2 class=\"wp-block-heading has-white-color has-text-color has-large-font-size\"><strong>DIY Electronic \u2013 Synthesizer<\/strong><\/h2>\n\n\n\n<p><mark style=\"background-color:rgba(0, 0, 0, 0)\" class=\"has-inline-color has-white-color\"><strong>Reinhard Reisenzahn<\/strong><\/mark><\/p>\n\n\n\n<p><mark style=\"background-color:rgba(0, 0, 0, 0)\" class=\"has-inline-color has-white-color\"><strong>DIY-Electronic Workshop<\/strong><\/mark><\/p>\n\n\n\n<p class=\"has-text-color has-background has-link-color wp-elements-80a1eaefd28ff0940a80b260be0bc232\" style=\"color:#f7f749;background:linear-gradient(135deg,rgba(247,247,74,0.31) 0%,rgba(155,81,224,0.38) 100%)\"><strong><mark style=\"background-color:rgba(0, 0, 0, 0)\" class=\"has-inline-color has-white-color\">Wann: Samstag 1. Juni<br>Wie lange: 13 \u2013 16:30 Uhr<br>Teilnehmer**innenzahl: max. 8 Personen<br>Selbstkosten: 12\u20ac \u2013 25\u20ac (je nach Bausatz)<br>Anmeldung per Mail an <a href=\"mailto:schlachthoffestival.traunsee@gmail.com\" target=\"_blank\" rel=\"noreferrer noopener\">schlachthoffestival.traunsee@gmail.com<\/a> oder<strong><mark style=\"background-color:rgba(0, 0, 0, 0)\" class=\"has-inline-color has-white-color\"> am Festival vor Ort.<\/mark><\/strong><\/mark><\/strong><\/p>\n\n\n\n<p class=\"has-text-color has-link-color wp-elements-7f8eccec86c44215e43122a8dbf744ac\" style=\"color:#f7f749\"><mark style=\"background-color:rgba(0, 0, 0, 0)\" class=\"has-inline-color has-white-color\"><br>Der Workshop richtet sich an alle die an experimenteller Klangerzeugung interessiert sind und mehr \u00fcber Aufbau und Einsatz von analogen Musikger\u00e4ten \/ Hardware-Instrumenten wissen wollen.<\/mark> <mark style=\"background-color:rgba(0, 0, 0, 0)\" class=\"has-inline-color has-white-color\">Mit L\u00f6tkolben und Handwerkzeug entsteht aus elektronischen Bauteilen ein spielbares Instrument. Anstatt einer industriell gefertigten Platine wird das Konzept der Paper-PCBs des Berliner K\u00fcnstlers Wolfgang Spahn angewendet. Dieses eignet sich hervorragend f\u00fcr die unkomplizierte und kosteng\u00fcnstige Verwirklichung von einfachen Schaltungen.<br><\/mark><br><mark style=\"background-color:rgba(0, 0, 0, 0)\" class=\"has-inline-color has-white-color\">Der Workshop ist sowohl f\u00fcr Fortgeschrittene welche ihr Repertoire an Instrumenten erweitern wollen als auch f\u00fcr Anf\u00e4nger*innen die in die Welt der DIY-Elektronik einsteigen wollen, geeignet.<br><\/mark><br><mark style=\"background-color:rgba(0, 0, 0, 0)\" class=\"has-inline-color has-white-color\">Beim anschlie\u00dfenden experimentieren mit den selbstgebauten Instrumenten k\u00f6nnen grundlegende Kenntnisse \u00fcber Signalfluss, Klangsynthese und den Einsatz von Steuerspannung aus dem<\/mark> <mark style=\"background-color:rgba(0, 0, 0, 0)\" class=\"has-inline-color has-white-color\">Bereich der modularen Synthesizer gewonnen werden.<\/mark><br><mark style=\"background-color:rgba(0, 0, 0, 0)\" class=\"has-inline-color has-white-color\"><br>Folgende Ger\u00e4te k\u00f6nnen im Workshop gebaut werden:<\/mark><br><mark style=\"background-color:rgba(0, 0, 0, 0)\" class=\"has-inline-color has-white-color\"><br><strong>Mini-patch \u2013 semimodularer Synthesizer <\/strong><\/mark><br><mark style=\"background-color:rgba(0, 0, 0, 0)\" class=\"has-inline-color has-white-color\">Mini-Patch ist ein kompakter analoger Synthesizer. Die Parameter des Mini-Patch k\u00f6nnen wie bei einem Modularen Synthesizer mit Kontrollspannung eines integrierten LFOs gesteuert werden. Ausserdem besteht die M\u00f6glichkeit mehrere Module zu verbinden und so komplexere Modulationen zu erzeugen.<\/mark><br><mark style=\"background-color:rgba(0, 0, 0, 0)\" class=\"has-inline-color has-white-color\"><br><strong>Cornelia \u2013 Distortion\/Filter-Effekt<\/strong><br>Ein Effektger\u00e4t mit Reglern f\u00fcr Overdrive und Tone, \u00e4hnlich einem Verzerrereffekt f\u00fcr Gitarren. Geeignet f\u00fcr alle Audiosignale, ob vom Mikrofon, Keyboard oder Musik aus dem Smartphone.<\/mark><br><br><mark style=\"background-color:rgba(0, 0, 0, 0)\" class=\"has-inline-color has-white-color\"><strong>Amp with no name &#8211; Audioverst\u00e4rker<\/strong> <\/mark><br><mark style=\"background-color:rgba(0, 0, 0, 0)\" class=\"has-inline-color has-white-color\">Ein simpler Mono-Verst\u00e4rker der als Preamp f\u00fcr Mikrofone oder zum verst\u00e4rken von Line-Signalen f\u00fcr einen Lautsprecher eingesetzt werden.<\/mark><br><mark style=\"background-color:rgba(0, 0, 0, 0)\" class=\"has-inline-color has-white-color\"><br>Leitung:<br>Reinhard Reisenzahn geb. 1984, lebt und arbeitet in Linz und Stadt Haag. Er arbeitet als Tontechniker und studiert Medienkunst an der Universit\u00e4t f\u00fcr k\u00fcnstlerische und industrielle Gestaltung Linz. Das Ausloten der physikalischen Grenzen von Klang und Akustik sowie die Besch\u00e4ftigung mit elektronischer Technologie liegt im Mittelpunkt seiner Arbeit. Sein T\u00e4tigkeitsfeld umfasst einerseits die professionelle Arbeit mit Beschallung im Kultur- und Veranstaltungssektor und andererseits das Experimentieren mit veralteten Medien die in Installationen und Performances zum Einsatz kommen.<br><\/mark><mark style=\"background-color:rgba(0, 0, 0, 0)\" class=\"has-inline-color has-secondary-color\"><a href=\"http:\/\/www.reinhardreisenzahn.com\">www.reinhardreisenzahn.com<\/a><\/mark><\/p>\n\n\n\n<div style=\"height:31px\" aria-hidden=\"true\" class=\"wp-block-spacer\"><\/div>\n\n\n\n<div class=\"wp-block-buttons is-layout-flex wp-block-buttons-is-layout-flex\"><\/div>\n<\/div>\n<\/div><\/div>\n<\/div>\n","protected":false},"excerpt":{"rendered":"<p>Workshop &#8211; DIY Electronic DIY Electronic \u2013 Synthesizer Reinhard Reisenzahn DIY-Electronic Workshop Wann: Samstag 1. JuniWie lange: 13 \u2013 16:30 UhrTeilnehmer**innenzahl: max. 8 PersonenSelbstkosten: 12\u20ac \u2013 25\u20ac (je nach Bausatz)Anmeldung per Mail an schlachthoffestival.traunsee@gmail.com oder am Festival vor Ort. Der Workshop richtet sich an alle die an experimenteller Klangerzeugung interessiert sind und mehr \u00fcber Aufbau &hellip; <\/p>\n<p class=\"link-more\"><a href=\"https:\/\/schlachthoffestival-traunsee.at\/?page_id=774\" class=\"more-link\">Mehr <span class=\"screen-reader-text\">\u00fcber &#8222;&#8220; <\/span>Lesen<\/a><\/p>\n","protected":false},"author":1,"featured_media":0,"parent":0,"menu_order":0,"comment_status":"closed","ping_status":"closed","template":"","meta":{"_uag_custom_page_level_css":"","footnotes":""},"yoast_head":"<!-- This site is optimized with the Yoast SEO plugin v24.5 - https:\/\/yoast.com\/wordpress\/plugins\/seo\/ -->\n<title>- Schlachthoffestival Traunsee<\/title>\n<meta name=\"robots\" content=\"index, follow, max-snippet:-1, max-image-preview:large, max-video-preview:-1\" \/>\n<link rel=\"canonical\" href=\"https:\/\/schlachthoffestival-traunsee.at\/?page_id=774\" \/>\n<meta property=\"og:locale\" content=\"de_DE\" \/>\n<meta property=\"og:type\" content=\"article\" \/>\n<meta property=\"og:title\" content=\"- Schlachthoffestival Traunsee\" \/>\n<meta property=\"og:description\" content=\"Workshop &#8211; DIY Electronic DIY Electronic \u2013 Synthesizer Reinhard Reisenzahn DIY-Electronic Workshop Wann: Samstag 1. JuniWie lange: 13 \u2013 16:30 UhrTeilnehmer**innenzahl: max. 8 PersonenSelbstkosten: 12\u20ac \u2013 25\u20ac (je nach Bausatz)Anmeldung per Mail an schlachthoffestival.traunsee@gmail.com oder am Festival vor Ort. Der Workshop richtet sich an alle die an experimenteller Klangerzeugung interessiert sind und mehr \u00fcber Aufbau &hellip; Mehr \u00fcber &quot;&quot; Lesen\" \/>\n<meta property=\"og:url\" content=\"https:\/\/schlachthoffestival-traunsee.at\/?page_id=774\" \/>\n<meta property=\"og:site_name\" content=\"Schlachthoffestival Traunsee\" \/>\n<meta property=\"article:modified_time\" content=\"2024-05-23T15:07:47+00:00\" \/>\n<meta property=\"og:image\" content=\"https:\/\/schlachthoffestival-traunsee.at\/wp-content\/uploads\/2024\/05\/MiniPatch1.1.jpg\" \/>\n<meta name=\"twitter:card\" content=\"summary_large_image\" \/>\n<meta name=\"twitter:label1\" content=\"Gesch\u00e4tzte Lesezeit\" \/>\n\t<meta name=\"twitter:data1\" content=\"3\u00a0Minuten\" \/>\n<script type=\"application\/ld+json\" class=\"yoast-schema-graph\">{\"@context\":\"https:\/\/schema.org\",\"@graph\":[{\"@type\":\"WebPage\",\"@id\":\"https:\/\/schlachthoffestival-traunsee.at\/?page_id=774\",\"url\":\"https:\/\/schlachthoffestival-traunsee.at\/?page_id=774\",\"name\":\"- Schlachthoffestival Traunsee\",\"isPartOf\":{\"@id\":\"https:\/\/schlachthoffestival-traunsee.at\/#website\"},\"primaryImageOfPage\":{\"@id\":\"https:\/\/schlachthoffestival-traunsee.at\/?page_id=774#primaryimage\"},\"image\":{\"@id\":\"https:\/\/schlachthoffestival-traunsee.at\/?page_id=774#primaryimage\"},\"thumbnailUrl\":\"https:\/\/schlachthoffestival-traunsee.at\/wp-content\/uploads\/2024\/05\/MiniPatch1.1.jpg\",\"datePublished\":\"2024-05-18T11:41:08+00:00\",\"dateModified\":\"2024-05-23T15:07:47+00:00\",\"inLanguage\":\"de\",\"potentialAction\":[{\"@type\":\"ReadAction\",\"target\":[\"https:\/\/schlachthoffestival-traunsee.at\/?page_id=774\"]}]},{\"@type\":\"ImageObject\",\"inLanguage\":\"de\",\"@id\":\"https:\/\/schlachthoffestival-traunsee.at\/?page_id=774#primaryimage\",\"url\":\"https:\/\/schlachthoffestival-traunsee.at\/wp-content\/uploads\/2024\/05\/MiniPatch1.1.jpg\",\"contentUrl\":\"https:\/\/schlachthoffestival-traunsee.at\/wp-content\/uploads\/2024\/05\/MiniPatch1.1.jpg\",\"width\":600,\"height\":800},{\"@type\":\"WebSite\",\"@id\":\"https:\/\/schlachthoffestival-traunsee.at\/#website\",\"url\":\"https:\/\/schlachthoffestival-traunsee.at\/\",\"name\":\"Schlachthoffestival Traunsee\",\"description\":\"\",\"publisher\":{\"@id\":\"https:\/\/schlachthoffestival-traunsee.at\/#organization\"},\"potentialAction\":[{\"@type\":\"SearchAction\",\"target\":{\"@type\":\"EntryPoint\",\"urlTemplate\":\"https:\/\/schlachthoffestival-traunsee.at\/?s={search_term_string}\"},\"query-input\":{\"@type\":\"PropertyValueSpecification\",\"valueRequired\":true,\"valueName\":\"search_term_string\"}}],\"inLanguage\":\"de\"},{\"@type\":\"Organization\",\"@id\":\"https:\/\/schlachthoffestival-traunsee.at\/#organization\",\"name\":\"Schlachthoffestival Traunsee\",\"url\":\"https:\/\/schlachthoffestival-traunsee.at\/\",\"logo\":{\"@type\":\"ImageObject\",\"inLanguage\":\"de\",\"@id\":\"https:\/\/schlachthoffestival-traunsee.at\/#\/schema\/logo\/image\/\",\"url\":\"https:\/\/schlachthoffestival-traunsee.at\/wp-content\/uploads\/2026\/04\/cropped-cropped-WhatsApp-Image-2026-03-31-at-19.49.321-1.jpeg\",\"contentUrl\":\"https:\/\/schlachthoffestival-traunsee.at\/wp-content\/uploads\/2026\/04\/cropped-cropped-WhatsApp-Image-2026-03-31-at-19.49.321-1.jpeg\",\"width\":512,\"height\":512,\"caption\":\"Schlachthoffestival Traunsee\"},\"image\":{\"@id\":\"https:\/\/schlachthoffestival-traunsee.at\/#\/schema\/logo\/image\/\"}}]}<\/script>\n<!-- \/ Yoast SEO plugin. -->","yoast_head_json":{"title":"- Schlachthoffestival Traunsee","robots":{"index":"index","follow":"follow","max-snippet":"max-snippet:-1","max-image-preview":"max-image-preview:large","max-video-preview":"max-video-preview:-1"},"canonical":"https:\/\/schlachthoffestival-traunsee.at\/?page_id=774","og_locale":"de_DE","og_type":"article","og_title":"- Schlachthoffestival Traunsee","og_description":"Workshop &#8211; DIY Electronic DIY Electronic \u2013 Synthesizer Reinhard Reisenzahn DIY-Electronic Workshop Wann: Samstag 1. JuniWie lange: 13 \u2013 16:30 UhrTeilnehmer**innenzahl: max. 8 PersonenSelbstkosten: 12\u20ac \u2013 25\u20ac (je nach Bausatz)Anmeldung per Mail an schlachthoffestival.traunsee@gmail.com oder am Festival vor Ort. Der Workshop richtet sich an alle die an experimenteller Klangerzeugung interessiert sind und mehr \u00fcber Aufbau &hellip; Mehr \u00fcber \"\" Lesen","og_url":"https:\/\/schlachthoffestival-traunsee.at\/?page_id=774","og_site_name":"Schlachthoffestival Traunsee","article_modified_time":"2024-05-23T15:07:47+00:00","og_image":[{"url":"https:\/\/schlachthoffestival-traunsee.at\/wp-content\/uploads\/2024\/05\/MiniPatch1.1.jpg","type":"","width":"","height":""}],"twitter_card":"summary_large_image","twitter_misc":{"Gesch\u00e4tzte Lesezeit":"3\u00a0Minuten"},"schema":{"@context":"https:\/\/schema.org","@graph":[{"@type":"WebPage","@id":"https:\/\/schlachthoffestival-traunsee.at\/?page_id=774","url":"https:\/\/schlachthoffestival-traunsee.at\/?page_id=774","name":"- Schlachthoffestival Traunsee","isPartOf":{"@id":"https:\/\/schlachthoffestival-traunsee.at\/#website"},"primaryImageOfPage":{"@id":"https:\/\/schlachthoffestival-traunsee.at\/?page_id=774#primaryimage"},"image":{"@id":"https:\/\/schlachthoffestival-traunsee.at\/?page_id=774#primaryimage"},"thumbnailUrl":"https:\/\/schlachthoffestival-traunsee.at\/wp-content\/uploads\/2024\/05\/MiniPatch1.1.jpg","datePublished":"2024-05-18T11:41:08+00:00","dateModified":"2024-05-23T15:07:47+00:00","inLanguage":"de","potentialAction":[{"@type":"ReadAction","target":["https:\/\/schlachthoffestival-traunsee.at\/?page_id=774"]}]},{"@type":"ImageObject","inLanguage":"de","@id":"https:\/\/schlachthoffestival-traunsee.at\/?page_id=774#primaryimage","url":"https:\/\/schlachthoffestival-traunsee.at\/wp-content\/uploads\/2024\/05\/MiniPatch1.1.jpg","contentUrl":"https:\/\/schlachthoffestival-traunsee.at\/wp-content\/uploads\/2024\/05\/MiniPatch1.1.jpg","width":600,"height":800},{"@type":"WebSite","@id":"https:\/\/schlachthoffestival-traunsee.at\/#website","url":"https:\/\/schlachthoffestival-traunsee.at\/","name":"Schlachthoffestival Traunsee","description":"","publisher":{"@id":"https:\/\/schlachthoffestival-traunsee.at\/#organization"},"potentialAction":[{"@type":"SearchAction","target":{"@type":"EntryPoint","urlTemplate":"https:\/\/schlachthoffestival-traunsee.at\/?s={search_term_string}"},"query-input":{"@type":"PropertyValueSpecification","valueRequired":true,"valueName":"search_term_string"}}],"inLanguage":"de"},{"@type":"Organization","@id":"https:\/\/schlachthoffestival-traunsee.at\/#organization","name":"Schlachthoffestival Traunsee","url":"https:\/\/schlachthoffestival-traunsee.at\/","logo":{"@type":"ImageObject","inLanguage":"de","@id":"https:\/\/schlachthoffestival-traunsee.at\/#\/schema\/logo\/image\/","url":"https:\/\/schlachthoffestival-traunsee.at\/wp-content\/uploads\/2026\/04\/cropped-cropped-WhatsApp-Image-2026-03-31-at-19.49.321-1.jpeg","contentUrl":"https:\/\/schlachthoffestival-traunsee.at\/wp-content\/uploads\/2026\/04\/cropped-cropped-WhatsApp-Image-2026-03-31-at-19.49.321-1.jpeg","width":512,"height":512,"caption":"Schlachthoffestival Traunsee"},"image":{"@id":"https:\/\/schlachthoffestival-traunsee.at\/#\/schema\/logo\/image\/"}}]}},"uagb_featured_image_src":{"full":false,"thumbnail":false,"medium":false,"medium_large":false,"large":false,"1536x1536":false,"2048x2048":false,"inspiro-featured-image":false,"inspiro-loop":false,"inspiro-loop@2x":false,"portfolio_item-thumbnail":false,"portfolio_item-thumbnail@2x":false,"portfolio_item-masonry":false,"portfolio_item-masonry@2x":false,"portfolio_item-thumbnail_cinema":false,"portfolio_item-thumbnail_portrait":false,"portfolio_item-thumbnail_portrait@2x":false,"portfolio_item-thumbnail_square":false},"uagb_author_info":{"display_name":"schlachthoffestival.traunsee","author_link":"https:\/\/schlachthoffestival-traunsee.at\/?author=1"},"uagb_comment_info":0,"uagb_excerpt":"Workshop &#8211; DIY Electronic DIY Electronic \u2013 Synthesizer Reinhard Reisenzahn DIY-Electronic Workshop Wann: Samstag 1. JuniWie lange: 13 \u2013 16:30 UhrTeilnehmer**innenzahl: max. 8 PersonenSelbstkosten: 12\u20ac \u2013 25\u20ac (je nach Bausatz)Anmeldung per Mail an schlachthoffestival.traunsee@gmail.com oder am Festival vor Ort. Der Workshop richtet sich an alle die an experimenteller Klangerzeugung interessiert sind und mehr \u00fcber Aufbau&hellip;","featured_media_urls":[],"_links":{"self":[{"href":"https:\/\/schlachthoffestival-traunsee.at\/index.php?rest_route=\/wp\/v2\/pages\/774"}],"collection":[{"href":"https:\/\/schlachthoffestival-traunsee.at\/index.php?rest_route=\/wp\/v2\/pages"}],"about":[{"href":"https:\/\/schlachthoffestival-traunsee.at\/index.php?rest_route=\/wp\/v2\/types\/page"}],"author":[{"embeddable":true,"href":"https:\/\/schlachthoffestival-traunsee.at\/index.php?rest_route=\/wp\/v2\/users\/1"}],"replies":[{"embeddable":true,"href":"https:\/\/schlachthoffestival-traunsee.at\/index.php?rest_route=%2Fwp%2Fv2%2Fcomments&post=774"}],"version-history":[{"count":23,"href":"https:\/\/schlachthoffestival-traunsee.at\/index.php?rest_route=\/wp\/v2\/pages\/774\/revisions"}],"predecessor-version":[{"id":1152,"href":"https:\/\/schlachthoffestival-traunsee.at\/index.php?rest_route=\/wp\/v2\/pages\/774\/revisions\/1152"}],"wp:attachment":[{"href":"https:\/\/schlachthoffestival-traunsee.at\/index.php?rest_route=%2Fwp%2Fv2%2Fmedia&parent=774"}],"curies":[{"name":"wp","href":"https:\/\/api.w.org\/{rel}","templated":true}]}}